{"id":326,"date":"2023-04-22T08:32:58","date_gmt":"2023-04-22T08:32:58","guid":{"rendered":"http:\/\/kcommejoseph.fr\/?page_id=326"},"modified":"2023-10-21T13:52:23","modified_gmt":"2023-10-21T13:52:23","slug":"quand-k-ecrit","status":"publish","type":"page","link":"https:\/\/kcommejoseph.fr\/index.php\/quand-k-ecrit\/","title":{"rendered":"Quand K \u00e9crit&#8230;"},"content":{"rendered":"\t\t<div data-elementor-type=\"wp-page\" data-elementor-id=\"326\" class=\"elementor elementor-326\">\n\t\t\t\t\t\t<section class=\"elementor-section elementor-top-section elementor-element elementor-element-a961466 elementor-section-boxed elementor-section-height-default elementor-section-height-default\" data-id=\"a961466\" data-element_type=\"section\">\n\t\t\t\t\t\t<div class=\"elementor-container elementor-column-gap-default\">\n\t\t\t\t\t<div class=\"elementor-column elementor-col-100 elementor-top-column elementor-element elementor-element-7201728\" data-id=\"7201728\" data-element_type=\"column\">\n\t\t\t<div class=\"elementor-widget-wrap elementor-element-populated\">\n\t\t\t\t\t\t<div class=\"elementor-element elementor-element-84d2fbc elementor-widget elementor-widget-text-editor\" data-id=\"84d2fbc\" data-element_type=\"widget\" data-widget_type=\"text-editor.default\">\n\t\t\t\t<div class=\"elementor-widget-container\">\n\t\t\t\t\t\t\t\t\t<p>Tous les textes ci-dessous sont \u00e9crits par K comme Joseph. Ils ne sont donc absolument pas libres de droit. Si vous souhaitez \u00e9crire un petit mot \u00e0 K, la section \u00ab\u00a0Dialoguer avec K\u00a0\u00bb est faite pour \u00e7a.<\/p>\t\t\t\t\t\t\t\t<\/div>\n\t\t\t\t<\/div>\n\t\t\t\t\t<\/div>\n\t\t<\/div>\n\t\t\t\t\t<\/div>\n\t\t<\/section>\n\t\t\t\t<section class=\"elementor-section elementor-top-section elementor-element elementor-element-13144e2 elementor-section-boxed elementor-section-height-default elementor-section-height-default\" data-id=\"13144e2\" data-element_type=\"section\">\n\t\t\t\t\t\t<div class=\"elementor-container elementor-column-gap-default\">\n\t\t\t\t\t<div class=\"elementor-column elementor-col-100 elementor-top-column elementor-element elementor-element-4572c15\" data-id=\"4572c15\" data-element_type=\"column\">\n\t\t\t<div class=\"elementor-widget-wrap elementor-element-populated\">\n\t\t\t\t\t\t<div class=\"elementor-element elementor-element-a338bbe elementor-widget elementor-widget-image-gallery\" data-id=\"a338bbe\" data-element_type=\"widget\" data-widget_type=\"image-gallery.default\">\n\t\t\t\t<div class=\"elementor-widget-container\">\n\t\t\t\t\t\t\t<div class=\"elementor-image-gallery\">\n\t\t\t<div id='gallery-1' class='gallery galleryid-326 gallery-columns-4 gallery-size-thumbnail'><figure class='gallery-item'>\n\t\t\t<div class='gallery-icon landscape'>\n\t\t\t\t<a data-elementor-open-lightbox=\"yes\" data-elementor-lightbox-slideshow=\"a338bbe\" data-e-action-hash=\"#elementor-action%3Aaction%3Dlightbox%26settings%3DeyJpZCI6ODExLCJ1cmwiOiJodHRwczpcL1wva2NvbW1lam9zZXBoLmZyXC93cC1jb250ZW50XC91cGxvYWRzXC8yMDIzXC8wNVwvS2NvbW1lSm9zZXBoLlF1YW5kS2Vjcml0LkluY29ubnVlLTEucG5nIiwic2xpZGVzaG93IjoiYTMzOGJiZSJ9\" href='https:\/\/kcommejoseph.fr\/wp-content\/uploads\/2023\/05\/KcommeJoseph.QuandKecrit.Inconnue-1.png'><img decoding=\"async\" width=\"150\" height=\"150\" src=\"https:\/\/kcommejoseph.fr\/wp-content\/uploads\/2023\/05\/KcommeJoseph.QuandKecrit.Inconnue-1-150x150.png\" class=\"attachment-thumbnail size-thumbnail\" alt=\"\" srcset=\"https:\/\/kcommejoseph.fr\/wp-content\/uploads\/2023\/05\/KcommeJoseph.QuandKecrit.Inconnue-1-150x150.png 150w, https:\/\/kcommejoseph.fr\/wp-content\/uploads\/2023\/05\/KcommeJoseph.QuandKecrit.Inconnue-1-160x160.png 160w\" sizes=\"(max-width: 150px) 100vw, 150px\" \/><\/a>\n\t\t\t<\/div><\/figure><figure class='gallery-item'>\n\t\t\t<div class='gallery-icon landscape'>\n\t\t\t\t<a data-elementor-open-lightbox=\"yes\" data-elementor-lightbox-slideshow=\"a338bbe\" data-e-action-hash=\"#elementor-action%3Aaction%3Dlightbox%26settings%3DeyJpZCI6Njk4LCJ1cmwiOiJodHRwczpcL1wva2NvbW1lam9zZXBoLmZyXC93cC1jb250ZW50XC91cGxvYWRzXC8yMDIzXC8wNVwvS2NvbW1lSm9zZXBoLlF1YW5kS2Vjcml0LkxhTXVzZS5wbmciLCJzbGlkZXNob3ciOiJhMzM4YmJlIn0%3D\" href='https:\/\/kcommejoseph.fr\/wp-content\/uploads\/2023\/05\/KcommeJoseph.QuandKecrit.LaMuse.png'><img decoding=\"async\" width=\"150\" height=\"150\" src=\"https:\/\/kcommejoseph.fr\/wp-content\/uploads\/2023\/05\/KcommeJoseph.QuandKecrit.LaMuse-150x150.png\" class=\"attachment-thumbnail size-thumbnail\" alt=\"\" srcset=\"https:\/\/kcommejoseph.fr\/wp-content\/uploads\/2023\/05\/KcommeJoseph.QuandKecrit.LaMuse-150x150.png 150w, https:\/\/kcommejoseph.fr\/wp-content\/uploads\/2023\/05\/KcommeJoseph.QuandKecrit.LaMuse-160x160.png 160w\" sizes=\"(max-width: 150px) 100vw, 150px\" \/><\/a>\n\t\t\t<\/div><\/figure><figure class='gallery-item'>\n\t\t\t<div class='gallery-icon landscape'>\n\t\t\t\t<a data-elementor-open-lightbox=\"yes\" data-elementor-lightbox-slideshow=\"a338bbe\" data-e-action-hash=\"#elementor-action%3Aaction%3Dlightbox%26settings%3DeyJpZCI6Njk3LCJ1cmwiOiJodHRwczpcL1wva2NvbW1lam9zZXBoLmZyXC93cC1jb250ZW50XC91cGxvYWRzXC8yMDIzXC8wNVwvS2NvbW1lSm9zZXBoLlF1YW5kS2Vjcml0LkFfdG9pLnBuZyIsInNsaWRlc2hvdyI6ImEzMzhiYmUifQ%3D%3D\" href='https:\/\/kcommejoseph.fr\/wp-content\/uploads\/2023\/05\/KcommeJoseph.QuandKecrit.A_toi.png'><img decoding=\"async\" width=\"150\" height=\"150\" src=\"https:\/\/kcommejoseph.fr\/wp-content\/uploads\/2023\/05\/KcommeJoseph.QuandKecrit.A_toi-150x150.png\" class=\"attachment-thumbnail size-thumbnail\" alt=\"\" srcset=\"https:\/\/kcommejoseph.fr\/wp-content\/uploads\/2023\/05\/KcommeJoseph.QuandKecrit.A_toi-150x150.png 150w, https:\/\/kcommejoseph.fr\/wp-content\/uploads\/2023\/05\/KcommeJoseph.QuandKecrit.A_toi-160x160.png 160w\" sizes=\"(max-width: 150px) 100vw, 150px\" \/><\/a>\n\t\t\t<\/div><\/figure><figure class='gallery-item'>\n\t\t\t<div class='gallery-icon landscape'>\n\t\t\t\t<a data-elementor-open-lightbox=\"yes\" data-elementor-lightbox-slideshow=\"a338bbe\" data-e-action-hash=\"#elementor-action%3Aaction%3Dlightbox%26settings%3DeyJpZCI6NzI2LCJ1cmwiOiJodHRwczpcL1wva2NvbW1lam9zZXBoLmZyXC93cC1jb250ZW50XC91cGxvYWRzXC8yMDIzXC8wNVwvS2NvbW1lSm9zZXBoLlF1YW5kS2Vjcml0LlRvaV8ucG5nIiwic2xpZGVzaG93IjoiYTMzOGJiZSJ9\" href='https:\/\/kcommejoseph.fr\/wp-content\/uploads\/2023\/05\/KcommeJoseph.QuandKecrit.Toi_.png'><img loading=\"lazy\" decoding=\"async\" width=\"150\" height=\"150\" src=\"https:\/\/kcommejoseph.fr\/wp-content\/uploads\/2023\/05\/KcommeJoseph.QuandKecrit.Toi_-150x150.png\" class=\"attachment-thumbnail size-thumbnail\" alt=\"\" srcset=\"https:\/\/kcommejoseph.fr\/wp-content\/uploads\/2023\/05\/KcommeJoseph.QuandKecrit.Toi_-150x150.png 150w, https:\/\/kcommejoseph.fr\/wp-content\/uploads\/2023\/05\/KcommeJoseph.QuandKecrit.Toi_-160x160.png 160w\" sizes=\"(max-width: 150px) 100vw, 150px\" \/><\/a>\n\t\t\t<\/div><\/figure><figure class='gallery-item'>\n\t\t\t<div class='gallery-icon landscape'>\n\t\t\t\t<a data-elementor-open-lightbox=\"yes\" data-elementor-lightbox-slideshow=\"a338bbe\" data-e-action-hash=\"#elementor-action%3Aaction%3Dlightbox%26settings%3DeyJpZCI6ODI3LCJ1cmwiOiJodHRwczpcL1wva2NvbW1lam9zZXBoLmZyXC93cC1jb250ZW50XC91cGxvYWRzXC8yMDIzXC8wNVwvS2NvbW1lSm9zZXBoLlF1YW5kS2Vjcml0Lkh5ZHJlX21pbGxldGV0ZXNzLnBuZyIsInNsaWRlc2hvdyI6ImEzMzhiYmUifQ%3D%3D\" href='https:\/\/kcommejoseph.fr\/wp-content\/uploads\/2023\/05\/KcommeJoseph.QuandKecrit.Hydre_milletetess.png'><img loading=\"lazy\" decoding=\"async\" width=\"150\" height=\"150\" src=\"https:\/\/kcommejoseph.fr\/wp-content\/uploads\/2023\/05\/KcommeJoseph.QuandKecrit.Hydre_milletetess-150x150.png\" class=\"attachment-thumbnail size-thumbnail\" alt=\"\" srcset=\"https:\/\/kcommejoseph.fr\/wp-content\/uploads\/2023\/05\/KcommeJoseph.QuandKecrit.Hydre_milletetess-150x150.png 150w, https:\/\/kcommejoseph.fr\/wp-content\/uploads\/2023\/05\/KcommeJoseph.QuandKecrit.Hydre_milletetess-160x160.png 160w\" sizes=\"(max-width: 150px) 100vw, 150px\" \/><\/a>\n\t\t\t<\/div><\/figure>\n\t\t<\/div>\n\t\t<\/div>\n\t\t\t\t\t\t<\/div>\n\t\t\t\t<\/div>\n\t\t\t\t\t<\/div>\n\t\t<\/div>\n\t\t\t\t\t<\/div>\n\t\t<\/section>\n\t\t\t\t<section class=\"elementor-section elementor-top-section elementor-element elementor-element-4119a00 elementor-section-boxed elementor-section-height-default elementor-section-height-default\" data-id=\"4119a00\" data-element_type=\"section\">\n\t\t\t\t\t\t<div class=\"elementor-container elementor-column-gap-default\">\n\t\t\t\t\t<div class=\"elementor-column elementor-col-100 elementor-top-column elementor-element elementor-element-73e6b94\" data-id=\"73e6b94\" data-element_type=\"column\">\n\t\t\t<div class=\"elementor-widget-wrap elementor-element-populated\">\n\t\t\t\t\t\t<div class=\"elementor-element elementor-element-0422066 elementor-widget elementor-widget-text-editor\" data-id=\"0422066\" data-element_type=\"widget\" data-widget_type=\"text-editor.default\">\n\t\t\t\t<div class=\"elementor-widget-container\">\n\t\t\t\t\t\t\t\t\t<p>Les textes ci-dessous ne sont pas de K. Soit ils ont \u00e9t\u00e9 \u00e9crits \u00e0 4 mains, soit ils ont \u00e9t\u00e9 \u00e9crits par ceux que K a inspir\u00e9. Mais il y a en eux une telle po\u00e9sie que je ne peux pas m&#8217;emp\u00eacher de les publier. Merci \u00e0 ceux dont j&rsquo;ai \u00e9t\u00e9 la muse.<\/p>\t\t\t\t\t\t\t\t<\/div>\n\t\t\t\t<\/div>\n\t\t\t\t\t<\/div>\n\t\t<\/div>\n\t\t\t\t\t<\/div>\n\t\t<\/section>\n\t\t\t\t<section class=\"elementor-section elementor-top-section elementor-element elementor-element-84f3be7 elementor-section-boxed elementor-section-height-default elementor-section-height-default\" data-id=\"84f3be7\" data-element_type=\"section\">\n\t\t\t\t\t\t<div class=\"elementor-container elementor-column-gap-default\">\n\t\t\t\t\t<div class=\"elementor-column elementor-col-100 elementor-top-column elementor-element elementor-element-78b9b3c\" data-id=\"78b9b3c\" data-element_type=\"column\">\n\t\t\t<div class=\"elementor-widget-wrap elementor-element-populated\">\n\t\t\t\t\t\t<div class=\"elementor-element elementor-element-67d17f3 elementor-widget elementor-widget-image-gallery\" data-id=\"67d17f3\" data-element_type=\"widget\" data-widget_type=\"image-gallery.default\">\n\t\t\t\t<div class=\"elementor-widget-container\">\n\t\t\t\t\t\t\t<div class=\"elementor-image-gallery\">\n\t\t\t<div id='gallery-2' class='gallery galleryid-326 gallery-columns-4 gallery-size-thumbnail'><figure class='gallery-item'>\n\t\t\t<div class='gallery-icon landscape'>\n\t\t\t\t<a data-elementor-open-lightbox=\"yes\" data-elementor-lightbox-slideshow=\"67d17f3\" data-elementor-lightbox-title=\"Du clown de coeur...\" data-e-action-hash=\"#elementor-action%3Aaction%3Dlightbox%26settings%3DeyJpZCI6NjcyLCJ1cmwiOiJodHRwczpcL1wva2NvbW1lam9zZXBoLmZyXC93cC1jb250ZW50XC91cGxvYWRzXC8yMDIzXC8wNVwvVmFsZXRQaXF1ZS5wbmciLCJzbGlkZXNob3ciOiI2N2QxN2YzIn0%3D\" href='https:\/\/kcommejoseph.fr\/wp-content\/uploads\/2023\/05\/ValetPique.png'><img loading=\"lazy\" decoding=\"async\" width=\"150\" height=\"150\" src=\"https:\/\/kcommejoseph.fr\/wp-content\/uploads\/2023\/05\/ValetPique-150x150.png\" class=\"attachment-thumbnail size-thumbnail\" alt=\"\" aria-describedby=\"gallery-2-672\" srcset=\"https:\/\/kcommejoseph.fr\/wp-content\/uploads\/2023\/05\/ValetPique-150x150.png 150w, https:\/\/kcommejoseph.fr\/wp-content\/uploads\/2023\/05\/ValetPique-160x160.png 160w\" sizes=\"(max-width: 150px) 100vw, 150px\" \/><\/a>\n\t\t\t<\/div>\n\t\t\t\t<figcaption class='wp-caption-text gallery-caption' id='gallery-2-672'>\n\t\t\t\tCe texte n&rsquo;est pas de moi. Il est de mon clown de c\u0153ur. Je l&rsquo;ai perdu, peut \u00eatre m&rsquo;avait-il vue.\n\t\t\t\t<\/figcaption><\/figure>\n\t\t<\/div>\n\t\t<\/div>\n\t\t\t\t\t\t<\/div>\n\t\t\t\t<\/div>\n\t\t\t\t\t<\/div>\n\t\t<\/div>\n\t\t\t\t\t<\/div>\n\t\t<\/section>\n\t\t\t\t<\/div>\n\t\t","protected":false},"excerpt":{"rendered":"<p>Tous les textes ci-dessous sont \u00e9crits par K comme Joseph. Ils ne sont donc absolument pas libres de droit. Si vous souhaitez \u00e9crire un petit mot \u00e0 K, la section \u00ab\u00a0Dialoguer avec K\u00a0\u00bb est faite pour \u00e7a. Les textes ci-dessous &hellip;<\/p>\n","protected":false},"author":1,"featured_media":0,"parent":0,"menu_order":0,"comment_status":"closed","ping_status":"closed","template":"","meta":{"footnotes":""},"class_list":["post-326","page","type-page","status-publish","hentry"],"aioseo_notices":[],"_links":{"self":[{"href":"https:\/\/kcommejoseph.fr\/index.php\/wp-json\/wp\/v2\/pages\/326","targetHints":{"allow":["GET"]}}],"collection":[{"href":"https:\/\/kcommejoseph.fr\/index.php\/wp-json\/wp\/v2\/pages"}],"about":[{"href":"https:\/\/kcommejoseph.fr\/index.php\/wp-json\/wp\/v2\/types\/page"}],"author":[{"embeddable":true,"href":"https:\/\/kcommejoseph.fr\/index.php\/wp-json\/wp\/v2\/users\/1"}],"replies":[{"embeddable":true,"href":"https:\/\/kcommejoseph.fr\/index.php\/wp-json\/wp\/v2\/comments?post=326"}],"version-history":[{"count":82,"href":"https:\/\/kcommejoseph.fr\/index.php\/wp-json\/wp\/v2\/pages\/326\/revisions"}],"predecessor-version":[{"id":839,"href":"https:\/\/kcommejoseph.fr\/index.php\/wp-json\/wp\/v2\/pages\/326\/revisions\/839"}],"wp:attachment":[{"href":"https:\/\/kcommejoseph.fr\/index.php\/wp-json\/wp\/v2\/media?parent=326"}],"curies":[{"name":"wp","href":"https:\/\/api.w.org\/{rel}","templated":true}]}}