{"id":332,"date":"2023-04-22T08:40:46","date_gmt":"2023-04-22T08:40:46","guid":{"rendered":"http:\/\/kcommejoseph.fr\/?page_id=332"},"modified":"2023-10-21T17:48:26","modified_gmt":"2023-10-21T17:48:26","slug":"en-savoir-plus-sur-k","status":"publish","type":"page","link":"https:\/\/kcommejoseph.fr\/index.php\/en-savoir-plus-sur-k\/","title":{"rendered":"En savoir plus sur K"},"content":{"rendered":"\t\t<div data-elementor-type=\"wp-page\" data-elementor-id=\"332\" class=\"elementor elementor-332\">\n\t\t\t\t\t\t<section class=\"elementor-section elementor-top-section elementor-element elementor-element-eda71c6 elementor-section-boxed elementor-section-height-default elementor-section-height-default\" data-id=\"eda71c6\" data-element_type=\"section\">\n\t\t\t\t\t\t<div class=\"elementor-container elementor-column-gap-default\">\n\t\t\t\t\t<div class=\"elementor-column elementor-col-100 elementor-top-column elementor-element elementor-element-c8f103d\" data-id=\"c8f103d\" data-element_type=\"column\">\n\t\t\t<div class=\"elementor-widget-wrap elementor-element-populated\">\n\t\t\t\t\t\t<div class=\"elementor-element elementor-element-2454240 elementor-widget elementor-widget-text-editor\" data-id=\"2454240\" data-element_type=\"widget\" data-widget_type=\"text-editor.default\">\n\t\t\t\t<div class=\"elementor-widget-container\">\n\t\t\t\t\t\t\t\t\t<p class=\"MsoNormal\">K a pris corps et vie il y a 15 ans, en un espace aujourd\u2019hui disparu et appel\u00e9 le forum de MySpace. D\u00e9marrant la photographie, je m\u2019y \u00e9tais fait un profil, pour \u00ab\u00a0voir\u00a0\u00bb ce que de vrais photographes proposaient et m\u2019en inspirer. Et de balades en visites, ma souris me mena au forum\u2026<\/p><p class=\"MsoNormal\">Et c\u2019est l\u00e0, dans cet endroit virtuel m\u00e9morable, que K est n\u00e9e. Au fil des \u00e9changes, des rencontres que j\u2019y ai nou\u00e9, cette partie de moi est sortie de l\u2019ombre. S\u2019exprimant librement, refl\u00e9tant celle qu\u2019elle \u00e9tait r\u00e9ellement, cette entit\u00e9 tapie dans ma p\u00e9nombre s\u2019est peu \u00e0 peu fa\u00e7onn\u00e9e. Elle s\u2019est cr\u00e9\u00e9 une identit\u00e9, unique selon les dires de ceux qui l\u2019ont c\u00f4toy\u00e9e. K \u00e9tait vraie. Elle n\u2019\u00e9tait pas fictive, ce n\u2019\u00e9tait pas un fake. K c\u2019\u00e9tait une part de moi qui ne demandait qu\u2019\u00e0 s\u2019ext\u00e9rioriser.<\/p><p class=\"MsoNormal\">Pendant 2 ans, et quelques mois, K a pu exprimer sa cr\u00e9ativit\u00e9, sa sensibilit\u00e9, sa sensualit\u00e9. Elle a marqu\u00e9 de son empreinte le forum. Cet espace, totalement libre car moribond et non mod\u00e9r\u00e9, a \u00e9t\u00e9 son berceau. Certaines rencontres, aussi, ont \u00e9t\u00e9 ses mentors. Elle a \u00e9t\u00e9 la muse d\u2019un po\u00e8te qui lui a \u00e9crit des histoires de lunes et des vers enflamm\u00e9s. Et la verve de cet hidalgo lui a ouvert la voie de l\u2019\u00e9criture, qu\u2019elle d\u00e9sirait secr\u00e8tement emprunter sans jamais oser. Il lui a donn\u00e9 l\u2019envie, et a fait tomber les barri\u00e8res.<\/p><p class=\"MsoNormal\">Puis K est partie, avant la fin du forum, avant de voir toutes ces rencontres, tous ces \u00e9crits dispara\u00eetre \u00e0 jamais.<\/p><p class=\"MsoNormal\">K n\u2019\u00e9tait jamais vraiment revenue\u00a0; moi, je l\u2019avais fait taire. B\u00e2illonn\u00e9e dans l\u2019obscurit\u00e9.<\/p><p class=\"MsoNormal\">Et puis, il y a quatre ans, \u00e0 la relecture de certains \u00e9crits du forum, sauv\u00e9s de la disparition finale, elle a eu envie de retrouver celui qu\u2019elle avait marqu\u00e9 de son aura. Elle avait le pressentiment d\u2019avoir compt\u00e9 pour lui. Alors K est revenue, sur un autre lieu, o\u00f9 elle a retrouv\u00e9 cet homme. K est ressortie de l\u2019ombre o\u00f9 elle \u00e9tait cach\u00e9e, pour lui. Puis peu \u00e0 peu, cette part de moi a eu cette soif de s\u2019exprimer \u00e0 nouveau, elle qui avait si longtemps \u00e9t\u00e9 musel\u00e9e. Sa cr\u00e9ativit\u00e9 avait besoin d\u2019une muse, d\u2019un ancrage, et elle l\u2019a trouv\u00e9 aupr\u00e8s de cet homme.<\/p><p class=\"MsoNormal\">Alors K a ressurgi de plus belle. Elle a photographi\u00e9, elle a \u00e9crit, mue, \u00e9mue par sa muse masculine. K s\u2019est lib\u00e9r\u00e9e de tous ses carcans. Elle exprimait ses tourments, ses d\u00e9sirs, sans barri\u00e8re ni tabou. K est \u00e9prise de libert\u00e9 avant tout. Mais dans cet endroit, o\u00f9 r\u00e8gnent la haine et la m\u00e9disance, o\u00f9 la censure emp\u00eache l\u2019expression artistique, o\u00f9 sa muse \u00e9tait partie vers d\u2019autres horizons, elle s\u2019est sentie seule, triste et \u00e0 l\u2019\u00e9troit.<\/p><p class=\"MsoNormal\">Au bout de 3 ans, et de nombreux tourments, K a disparu, emportant avec elle toute trace de son passage. On ne mesure pas les impacts \u00e0 quelques commentaires ou \u00ab\u00a0likes\u00a0\u00bb sur un profil. On le mesure dans les esprits, quand apr\u00e8s 10 ans de silence on vous dit \u00ab\u00a0oui\u00a0! K, je m\u2019en souviens si bien\u00a0; elle m\u2019avait manqu\u00e9\u00a0\u00bb.<\/p><p class=\"MsoNormal\">Mais K, cette part de moi si profond\u00e9ment ancr\u00e9e, ne veut plus se taire. Elle est libre, et a envie d\u2019exprimer toute sa po\u00e9sie, tendre ou trash, glauque ou triste, mais dans un endroit singulier et qui sera chez elle. Dans un endroit o\u00f9 les cerb\u00e8res des r\u00e9seaux sociaux ne viendront pas l\u2019emp\u00eacher d\u2019exprimer ce qu\u2019elle veut.<\/p><p class=\"MsoNormal\">K est libre, K veut s\u2019exprimer sans tabous, K veut \u00eatre elle-m\u00eame. Elle veut sortir de l\u2019ombre sans pour autant se projeter dans la lumi\u00e8re. Elle a besoin d\u2019une tani\u00e8re \u00e0 la lumi\u00e8re en clair-obscur. Elle a besoin de son myst\u00e8re et de son anonymat. Rare sont ceux qui ont vu K \u00ab\u00a0en vrai\u00a0\u00bb et qui ont pu associer ces deux entit\u00e9s\u00a0: moi et K. Car K, c\u2019est aussi le K. Celui qui reste en retrait et vous observe.<\/p><p class=\"MsoNormal\">K s\u2019est alors fait son \u00e9crin. Celui o\u00f9 elle pourra librement \u00eatre elle-m\u00eame. Celui o\u00f9 moi, je lib\u00e9rerai enfin sans contrainte cette partie de moi que j\u2019aime tant\u00a0: K. Ma petite K, que je porte en moi depuis bient\u00f4t 15 ans.<\/p><p class=\"MsoNormal\">Aussi, K, je te fais cette d\u00e9claration\u00a0: je t\u2019aime. Du plus profond de moi, j\u2019aime tes d\u00e9chirures, ta sensibilit\u00e9, ton esprit tortur\u00e9, tes d\u00e9sirs, ta sensualit\u00e9, ton c\u00f4t\u00e9 trash, ton c\u00f4t\u00e9 glauque. Et si tendre \u00e0 la fois, lorsqu\u2019on sait lire entre les lignes.<\/p><p class=\"MsoNormal\">K tu es ma part d\u2019ombre, et celle qui me sauve du n\u00e9ant.<\/p><p>\u00a0<\/p><p class=\"MsoNormal\">Je t\u2019aime K\u2026<\/p>\t\t\t\t\t\t\t\t<\/div>\n\t\t\t\t<\/div>\n\t\t\t\t\t<\/div>\n\t\t<\/div>\n\t\t\t\t\t<\/div>\n\t\t<\/section>\n\t\t\t\t<section class=\"elementor-section elementor-top-section elementor-element elementor-element-d11b26d elementor-section-boxed elementor-section-height-default elementor-section-height-default\" data-id=\"d11b26d\" data-element_type=\"section\">\n\t\t\t\t\t\t<div class=\"elementor-container elementor-column-gap-default\">\n\t\t\t\t\t<div class=\"elementor-column elementor-col-100 elementor-top-column elementor-element elementor-element-23c750d\" data-id=\"23c750d\" data-element_type=\"column\">\n\t\t\t<div class=\"elementor-widget-wrap elementor-element-populated\">\n\t\t\t\t\t\t<div class=\"elementor-element elementor-element-4239b16 elementor-widget elementor-widget-image\" data-id=\"4239b16\" data-element_type=\"widget\" data-widget_type=\"image.default\">\n\t\t\t\t<div class=\"elementor-widget-container\">\n\t\t\t\t\t\t\t\t\t\t\t\t\t\t\t<img fetchpriority=\"high\" decoding=\"async\" width=\"356\" height=\"1004\" src=\"https:\/\/kcommejoseph.fr\/wp-content\/uploads\/2023\/04\/Comme_une_ombre_K.jpg\" class=\"attachment-large size-large wp-image-586\" alt=\"\" srcset=\"https:\/\/kcommejoseph.fr\/wp-content\/uploads\/2023\/04\/Comme_une_ombre_K.jpg 356w, https:\/\/kcommejoseph.fr\/wp-content\/uploads\/2023\/04\/Comme_une_ombre_K-106x300.jpg 106w\" sizes=\"(max-width: 356px) 100vw, 356px\" \/>\t\t\t\t\t\t\t\t\t\t\t\t\t\t\t<\/div>\n\t\t\t\t<\/div>\n\t\t\t\t\t<\/div>\n\t\t<\/div>\n\t\t\t\t\t<\/div>\n\t\t<\/section>\n\t\t\t\t<\/div>\n\t\t","protected":false},"excerpt":{"rendered":"<p>K a pris corps et vie il y a 15 ans, en un espace aujourd\u2019hui disparu et appel\u00e9 le forum de MySpace. D\u00e9marrant la photographie, je m\u2019y \u00e9tais fait un profil, pour \u00ab\u00a0voir\u00a0\u00bb ce que de vrais photographes proposaient et &hellip;<\/p>\n","protected":false},"author":1,"featured_media":0,"parent":0,"menu_order":0,"comment_status":"closed","ping_status":"closed","template":"","meta":{"footnotes":""},"class_list":["post-332","page","type-page","status-publish","hentry"],"aioseo_notices":[],"_links":{"self":[{"href":"https:\/\/kcommejoseph.fr\/index.php\/wp-json\/wp\/v2\/pages\/332","targetHints":{"allow":["GET"]}}],"collection":[{"href":"https:\/\/kcommejoseph.fr\/index.php\/wp-json\/wp\/v2\/pages"}],"about":[{"href":"https:\/\/kcommejoseph.fr\/index.php\/wp-json\/wp\/v2\/types\/page"}],"author":[{"embeddable":true,"href":"https:\/\/kcommejoseph.fr\/index.php\/wp-json\/wp\/v2\/users\/1"}],"replies":[{"embeddable":true,"href":"https:\/\/kcommejoseph.fr\/index.php\/wp-json\/wp\/v2\/comments?post=332"}],"version-history":[{"count":64,"href":"https:\/\/kcommejoseph.fr\/index.php\/wp-json\/wp\/v2\/pages\/332\/revisions"}],"predecessor-version":[{"id":853,"href":"https:\/\/kcommejoseph.fr\/index.php\/wp-json\/wp\/v2\/pages\/332\/revisions\/853"}],"wp:attachment":[{"href":"https:\/\/kcommejoseph.fr\/index.php\/wp-json\/wp\/v2\/media?parent=332"}],"curies":[{"name":"wp","href":"https:\/\/api.w.org\/{rel}","templated":true}]}}