{"id":551,"date":"2023-04-24T20:17:38","date_gmt":"2023-04-24T20:17:38","guid":{"rendered":"https:\/\/kcommejoseph.fr\/?page_id=551"},"modified":"2023-05-25T08:19:38","modified_gmt":"2023-05-25T08:19:38","slug":"dialoguer-avec-k","status":"publish","type":"page","link":"https:\/\/kcommejoseph.fr\/index.php\/dialoguer-avec-k\/","title":{"rendered":"Dialoguer avec K"},"content":{"rendered":"\t\t<div data-elementor-type=\"wp-page\" data-elementor-id=\"551\" class=\"elementor elementor-551\">\n\t\t\t\t\t\t<section class=\"elementor-section elementor-top-section elementor-element elementor-element-71437a4 elementor-section-boxed elementor-section-height-default elementor-section-height-default\" data-id=\"71437a4\" data-element_type=\"section\">\n\t\t\t\t\t\t<div class=\"elementor-container elementor-column-gap-default\">\n\t\t\t\t\t<div class=\"elementor-column elementor-col-100 elementor-top-column elementor-element elementor-element-c312f5b\" data-id=\"c312f5b\" data-element_type=\"column\">\n\t\t\t<div class=\"elementor-widget-wrap elementor-element-populated\">\n\t\t\t\t\t\t<div class=\"elementor-element elementor-element-9112804 elementor-widget elementor-widget-text-editor\" data-id=\"9112804\" data-element_type=\"widget\" data-widget_type=\"text-editor.default\">\n\t\t\t\t<div class=\"elementor-widget-container\">\n\t\t\t\t\t\t\t\t\t<p class=\"MsoNormal\">Vous avez, au choix, la possibilit\u00e9 d&rsquo;envoyer un message \u00e0 K \u00e0 l&rsquo;adresse unsilence@kcommejoseph.fr ou bien lui laisser un mot, un soupir, un silence, dans l&rsquo;espace ci-dessous.<\/p>\t\t\t\t\t\t\t\t<\/div>\n\t\t\t\t<\/div>\n\t\t\t\t\t<\/div>\n\t\t<\/div>\n\t\t\t\t\t<\/div>\n\t\t<\/section>\n\t\t\t\t<\/div>\n\t\t","protected":false},"excerpt":{"rendered":"<p>Vous avez, au choix, la possibilit\u00e9 d&rsquo;envoyer un message \u00e0 K \u00e0 l&rsquo;adresse unsilence@kcommejoseph.fr ou bien lui laisser un mot, un soupir, un silence, dans l&rsquo;espace ci-dessous.<\/p>\n","protected":false},"author":1,"featured_media":0,"parent":0,"menu_order":0,"comment_status":"open","ping_status":"closed","template":"","meta":{"footnotes":""},"class_list":["post-551","page","type-page","status-publish","hentry"],"aioseo_notices":[],"_links":{"self":[{"href":"https:\/\/kcommejoseph.fr\/index.php\/wp-json\/wp\/v2\/pages\/551","targetHints":{"allow":["GET"]}}],"collection":[{"href":"https:\/\/kcommejoseph.fr\/index.php\/wp-json\/wp\/v2\/pages"}],"about":[{"href":"https:\/\/kcommejoseph.fr\/index.php\/wp-json\/wp\/v2\/types\/page"}],"author":[{"embeddable":true,"href":"https:\/\/kcommejoseph.fr\/index.php\/wp-json\/wp\/v2\/users\/1"}],"replies":[{"embeddable":true,"href":"https:\/\/kcommejoseph.fr\/index.php\/wp-json\/wp\/v2\/comments?post=551"}],"version-history":[{"count":30,"href":"https:\/\/kcommejoseph.fr\/index.php\/wp-json\/wp\/v2\/pages\/551\/revisions"}],"predecessor-version":[{"id":809,"href":"https:\/\/kcommejoseph.fr\/index.php\/wp-json\/wp\/v2\/pages\/551\/revisions\/809"}],"wp:attachment":[{"href":"https:\/\/kcommejoseph.fr\/index.php\/wp-json\/wp\/v2\/media?parent=551"}],"curies":[{"name":"wp","href":"https:\/\/api.w.org\/{rel}","templated":true}]}}